{"id":6978,"date":"2021-02-27T12:13:13","date_gmt":"2021-02-27T12:13:13","guid":{"rendered":"https:\/\/disegnopiu.com\/prodotto\/briseide-borsa-da-giorno\/"},"modified":"2024-02-29T10:42:05","modified_gmt":"2024-02-29T10:42:05","slug":"briseide-borsa-da-giorno","status":"publish","type":"product","link":"https:\/\/www.disegnopiu.com\/en\/product\/briseide-borsa-da-giorno\/","title":{"rendered":"Briseide"},"content":{"rendered":"<p>Briseide, a bucket bag in OEKO-TEX recycled green cotton, blends sustainable fashion and craftsmanship. With a vibrant hue, each hand-woven bag highlights refined details and functionality. The oak wood handle accentuates the elegance, ideal for a responsible and distinctive style.<\/p>\n<p><strong>MATERIALS<\/strong><\/p>\n<p>+ Green cotton<\/p>\n<p>+ Oak wood<\/p>\n<p><strong>FEATURES<\/strong><\/p>\n<p>+ Bucket bag in 100% recycled cotton approved by OEKO-TEX STANDARD 100. The yarn does not contain substances that are harmful to human health and the environment.<\/p>\n<p>+ Handmade with a particular crochet work<\/p>\n<p><strong>LEAD TIME<\/strong><\/p>\n<p>+ 4 weeks (unless the product is already in stock) | <strong>Worldwide delivery<\/strong><\/p>\n","protected":false},"excerpt":{"rendered":"<p><strong>COLLECTION<\/strong><\/p>\n<p><img loading=\"lazy\" decoding=\"async\" class=\"alignnone size-full wp-image-6665\" src=\"https:\/\/disegnopiu.com\/wp-content\/uploads\/2021\/02\/AMAN-bags-capsule-collection-web.png\" alt=\"\" width=\"170\" height=\"106\" srcset=\"https:\/\/www.disegnopiu.com\/wp-content\/uploads\/2021\/02\/AMAN-bags-capsule-collection-web.png 170w, https:\/\/www.disegnopiu.com\/wp-content\/uploads\/2021\/02\/AMAN-bags-capsule-collection-web-64x40.png 64w\" sizes=\"auto, (max-width: 170px) 100vw, 170px\" \/><\/p>\n<p>Briseide, bucket bag: unique design, ecological. Recycled green cotton, OEKO-TEX STANDARD 100 certification, free of harmful substances. Oak wood handle, solid grip, natural contrast. Hand crochet work, rich texture, distinctive character. Essential daily accessory.<\/p>\n","protected":false},"featured_media":6674,"template":"","meta":{"_themeisle_gutenberg_block_has_review":false},"product_brand":[],"product_cat":[370],"product_tag":[],"class_list":{"0":"post-6978","1":"product","2":"type-product","3":"status-publish","4":"has-post-thumbnail","6":"product_cat-aman-bags-d-capsule-collection_en","7":"product_shipping_class-articoli-piccoli-en","8":"pa_essenze-legno-oak-en","10":"first","11":"instock","12":"featured","13":"taxable","14":"shipping-taxable","15":"purchasable","16":"product-type-variable","17":"has-default-attributes"},"yoast_head":"<!-- This site is optimized with the Yoast SEO plugin v26.8 - https:\/\/yoast.com\/product\/yoast-seo-wordpress\/ -->\n<title>Briseide | Day green satchel bag with Disegnopi\u00f9 oak frame<\/title>\n<meta name=\"description\" content=\"Briseide Green day bag with oak frame Disegnopi\u00f9. AMAN bags capsule collection Feat. Alena IANKO By Disegnopi\u00f9\" \/>\n<meta name=\"robots\" content=\"index, follow, max-snippet:-1, max-image-preview:large, max-video-preview:-1\" \/>\n<link rel=\"canonical\" href=\"https:\/\/www.disegnopiu.com\/en\/product\/briseide-borsa-da-giorno\/\" \/>\n<meta property=\"og:locale\" content=\"en_US\" \/>\n<meta property=\"og:type\" content=\"article\" \/>\n<meta property=\"og:title\" content=\"Briseide | Day green satchel bag with Disegnopi\u00f9 oak frame\" \/>\n<meta property=\"og:description\" content=\"Briseide Green day bag with oak frame Disegnopi\u00f9. AMAN bags capsule collection Feat. Alena IANKO By Disegnopi\u00f9\" \/>\n<meta property=\"og:url\" content=\"https:\/\/www.disegnopiu.com\/en\/product\/briseide-borsa-da-giorno\/\" \/>\n<meta property=\"og:site_name\" content=\"Disegnopi&ugrave;\" \/>\n<meta property=\"article:modified_time\" content=\"2024-02-29T10:42:05+00:00\" \/>\n<meta property=\"og:image\" content=\"https:\/\/www.disegnopiu.com\/wp-content\/uploads\/2021\/02\/BRISEIDE-borsa-a-bauletto-da-giorno-color-verde-by-disegnopiu2.jpg\" \/>\n\t<meta property=\"og:image:width\" content=\"2000\" \/>\n\t<meta property=\"og:image:height\" content=\"2000\" \/>\n\t<meta property=\"og:image:type\" content=\"image\/jpeg\" \/>\n<meta name=\"twitter:card\" content=\"summary_large_image\" \/>\n<meta name=\"twitter:label1\" content=\"Est. reading time\" \/>\n\t<meta name=\"twitter:data1\" content=\"1 minute\" \/>\n<script type=\"application\/ld+json\" class=\"yoast-schema-graph\">{\"@context\":\"https:\/\/schema.org\",\"@graph\":[{\"@type\":\"WebPage\",\"@id\":\"https:\/\/www.disegnopiu.com\/en\/product\/briseide-borsa-da-giorno\/\",\"url\":\"https:\/\/www.disegnopiu.com\/en\/product\/briseide-borsa-da-giorno\/\",\"name\":\"Briseide | Day green satchel bag with Disegnopi\u00f9 oak frame\",\"isPartOf\":{\"@id\":\"https:\/\/www.disegnopiu.com\/#website\"},\"primaryImageOfPage\":{\"@id\":\"https:\/\/www.disegnopiu.com\/en\/product\/briseide-borsa-da-giorno\/#primaryimage\"},\"image\":{\"@id\":\"https:\/\/www.disegnopiu.com\/en\/product\/briseide-borsa-da-giorno\/#primaryimage\"},\"thumbnailUrl\":\"https:\/\/www.disegnopiu.com\/wp-content\/uploads\/2021\/02\/BRISEIDE-borsa-a-bauletto-da-giorno-color-verde-by-disegnopiu2.jpg\",\"datePublished\":\"2021-02-27T12:13:13+00:00\",\"dateModified\":\"2024-02-29T10:42:05+00:00\",\"description\":\"Briseide Green day bag with oak frame Disegnopi\u00f9. AMAN bags capsule collection Feat. Alena IANKO By Disegnopi\u00f9\",\"breadcrumb\":{\"@id\":\"https:\/\/www.disegnopiu.com\/en\/product\/briseide-borsa-da-giorno\/#breadcrumb\"},\"inLanguage\":\"en-US\",\"potentialAction\":[{\"@type\":\"ReadAction\",\"target\":[\"https:\/\/www.disegnopiu.com\/en\/product\/briseide-borsa-da-giorno\/\"]}]},{\"@type\":\"ImageObject\",\"inLanguage\":\"en-US\",\"@id\":\"https:\/\/www.disegnopiu.com\/en\/product\/briseide-borsa-da-giorno\/#primaryimage\",\"url\":\"https:\/\/www.disegnopiu.com\/wp-content\/uploads\/2021\/02\/BRISEIDE-borsa-a-bauletto-da-giorno-color-verde-by-disegnopiu2.jpg\",\"contentUrl\":\"https:\/\/www.disegnopiu.com\/wp-content\/uploads\/2021\/02\/BRISEIDE-borsa-a-bauletto-da-giorno-color-verde-by-disegnopiu2.jpg\",\"width\":2000,\"height\":2000,\"caption\":\"BRISEIDE-borsa-a-bauletto-da-giorno-color-verde-by-disegnopi\u00f9(2)\"},{\"@type\":\"BreadcrumbList\",\"@id\":\"https:\/\/www.disegnopiu.com\/en\/product\/briseide-borsa-da-giorno\/#breadcrumb\",\"itemListElement\":[{\"@type\":\"ListItem\",\"position\":1,\"name\":\"Home\",\"item\":\"https:\/\/www.disegnopiu.com\/en\/\"},{\"@type\":\"ListItem\",\"position\":2,\"name\":\"Shop\",\"item\":\"https:\/\/www.disegnopiu.com\/?page_id=4006\"},{\"@type\":\"ListItem\",\"position\":3,\"name\":\"Briseide\"}]},{\"@type\":\"WebSite\",\"@id\":\"https:\/\/www.disegnopiu.com\/#website\",\"url\":\"https:\/\/www.disegnopiu.com\/\",\"name\":\"Disegnopi&ugrave;\",\"description\":\"Brand di arredamento | Mobili e complementi di design\",\"publisher\":{\"@id\":\"https:\/\/www.disegnopiu.com\/#organization\"},\"potentialAction\":[{\"@type\":\"SearchAction\",\"target\":{\"@type\":\"EntryPoint\",\"urlTemplate\":\"https:\/\/www.disegnopiu.com\/?s={search_term_string}\"},\"query-input\":{\"@type\":\"PropertyValueSpecification\",\"valueRequired\":true,\"valueName\":\"search_term_string\"}}],\"inLanguage\":\"en-US\"},{\"@type\":\"Organization\",\"@id\":\"https:\/\/www.disegnopiu.com\/#organization\",\"name\":\"Disegnopiu\",\"url\":\"https:\/\/www.disegnopiu.com\/\",\"logo\":{\"@type\":\"ImageObject\",\"inLanguage\":\"en-US\",\"@id\":\"https:\/\/www.disegnopiu.com\/#\/schema\/logo\/image\/\",\"url\":\"https:\/\/disegnopiu.com\/wp-content\/uploads\/2017\/06\/logo_black.png\",\"contentUrl\":\"https:\/\/disegnopiu.com\/wp-content\/uploads\/2017\/06\/logo_black.png\",\"width\":785,\"height\":127,\"caption\":\"Disegnopiu\"},\"image\":{\"@id\":\"https:\/\/www.disegnopiu.com\/#\/schema\/logo\/image\/\"}}]}<\/script>\n<!-- \/ Yoast SEO plugin. -->","yoast_head_json":{"title":"Briseide | Day green satchel bag with Disegnopi\u00f9 oak frame","description":"Briseide Green day bag with oak frame Disegnopi\u00f9. AMAN bags capsule collection Feat. Alena IANKO By Disegnopi\u00f9","robots":{"index":"index","follow":"follow","max-snippet":"max-snippet:-1","max-image-preview":"max-image-preview:large","max-video-preview":"max-video-preview:-1"},"canonical":"https:\/\/www.disegnopiu.com\/en\/product\/briseide-borsa-da-giorno\/","og_locale":"en_US","og_type":"article","og_title":"Briseide | Day green satchel bag with Disegnopi\u00f9 oak frame","og_description":"Briseide Green day bag with oak frame Disegnopi\u00f9. AMAN bags capsule collection Feat. Alena IANKO By Disegnopi\u00f9","og_url":"https:\/\/www.disegnopiu.com\/en\/product\/briseide-borsa-da-giorno\/","og_site_name":"Disegnopi&ugrave;","article_modified_time":"2024-02-29T10:42:05+00:00","og_image":[{"width":2000,"height":2000,"url":"https:\/\/www.disegnopiu.com\/wp-content\/uploads\/2021\/02\/BRISEIDE-borsa-a-bauletto-da-giorno-color-verde-by-disegnopiu2.jpg","type":"image\/jpeg"}],"twitter_card":"summary_large_image","twitter_misc":{"Est. reading time":"1 minute"},"schema":{"@context":"https:\/\/schema.org","@graph":[{"@type":"WebPage","@id":"https:\/\/www.disegnopiu.com\/en\/product\/briseide-borsa-da-giorno\/","url":"https:\/\/www.disegnopiu.com\/en\/product\/briseide-borsa-da-giorno\/","name":"Briseide | Day green satchel bag with Disegnopi\u00f9 oak frame","isPartOf":{"@id":"https:\/\/www.disegnopiu.com\/#website"},"primaryImageOfPage":{"@id":"https:\/\/www.disegnopiu.com\/en\/product\/briseide-borsa-da-giorno\/#primaryimage"},"image":{"@id":"https:\/\/www.disegnopiu.com\/en\/product\/briseide-borsa-da-giorno\/#primaryimage"},"thumbnailUrl":"https:\/\/www.disegnopiu.com\/wp-content\/uploads\/2021\/02\/BRISEIDE-borsa-a-bauletto-da-giorno-color-verde-by-disegnopiu2.jpg","datePublished":"2021-02-27T12:13:13+00:00","dateModified":"2024-02-29T10:42:05+00:00","description":"Briseide Green day bag with oak frame Disegnopi\u00f9. AMAN bags capsule collection Feat. Alena IANKO By Disegnopi\u00f9","breadcrumb":{"@id":"https:\/\/www.disegnopiu.com\/en\/product\/briseide-borsa-da-giorno\/#breadcrumb"},"inLanguage":"en-US","potentialAction":[{"@type":"ReadAction","target":["https:\/\/www.disegnopiu.com\/en\/product\/briseide-borsa-da-giorno\/"]}]},{"@type":"ImageObject","inLanguage":"en-US","@id":"https:\/\/www.disegnopiu.com\/en\/product\/briseide-borsa-da-giorno\/#primaryimage","url":"https:\/\/www.disegnopiu.com\/wp-content\/uploads\/2021\/02\/BRISEIDE-borsa-a-bauletto-da-giorno-color-verde-by-disegnopiu2.jpg","contentUrl":"https:\/\/www.disegnopiu.com\/wp-content\/uploads\/2021\/02\/BRISEIDE-borsa-a-bauletto-da-giorno-color-verde-by-disegnopiu2.jpg","width":2000,"height":2000,"caption":"BRISEIDE-borsa-a-bauletto-da-giorno-color-verde-by-disegnopi\u00f9(2)"},{"@type":"BreadcrumbList","@id":"https:\/\/www.disegnopiu.com\/en\/product\/briseide-borsa-da-giorno\/#breadcrumb","itemListElement":[{"@type":"ListItem","position":1,"name":"Home","item":"https:\/\/www.disegnopiu.com\/en\/"},{"@type":"ListItem","position":2,"name":"Shop","item":"https:\/\/www.disegnopiu.com\/?page_id=4006"},{"@type":"ListItem","position":3,"name":"Briseide"}]},{"@type":"WebSite","@id":"https:\/\/www.disegnopiu.com\/#website","url":"https:\/\/www.disegnopiu.com\/","name":"Disegnopi&ugrave;","description":"Brand di arredamento | Mobili e complementi di design","publisher":{"@id":"https:\/\/www.disegnopiu.com\/#organization"},"potentialAction":[{"@type":"SearchAction","target":{"@type":"EntryPoint","urlTemplate":"https:\/\/www.disegnopiu.com\/?s={search_term_string}"},"query-input":{"@type":"PropertyValueSpecification","valueRequired":true,"valueName":"search_term_string"}}],"inLanguage":"en-US"},{"@type":"Organization","@id":"https:\/\/www.disegnopiu.com\/#organization","name":"Disegnopiu","url":"https:\/\/www.disegnopiu.com\/","logo":{"@type":"ImageObject","inLanguage":"en-US","@id":"https:\/\/www.disegnopiu.com\/#\/schema\/logo\/image\/","url":"https:\/\/disegnopiu.com\/wp-content\/uploads\/2017\/06\/logo_black.png","contentUrl":"https:\/\/disegnopiu.com\/wp-content\/uploads\/2017\/06\/logo_black.png","width":785,"height":127,"caption":"Disegnopiu"},"image":{"@id":"https:\/\/www.disegnopiu.com\/#\/schema\/logo\/image\/"}}]}},"_links":{"self":[{"href":"https:\/\/www.disegnopiu.com\/en\/wp-json\/wp\/v2\/product\/6978","targetHints":{"allow":["GET"]}}],"collection":[{"href":"https:\/\/www.disegnopiu.com\/en\/wp-json\/wp\/v2\/product"}],"about":[{"href":"https:\/\/www.disegnopiu.com\/en\/wp-json\/wp\/v2\/types\/product"}],"wp:featuredmedia":[{"embeddable":true,"href":"https:\/\/www.disegnopiu.com\/en\/wp-json\/wp\/v2\/media\/6674"}],"wp:attachment":[{"href":"https:\/\/www.disegnopiu.com\/en\/wp-json\/wp\/v2\/media?parent=6978"}],"wp:term":[{"taxonomy":"product_brand","embeddable":true,"href":"https:\/\/www.disegnopiu.com\/en\/wp-json\/wp\/v2\/product_brand?post=6978"},{"taxonomy":"product_cat","embeddable":true,"href":"https:\/\/www.disegnopiu.com\/en\/wp-json\/wp\/v2\/product_cat?post=6978"},{"taxonomy":"product_tag","embeddable":true,"href":"https:\/\/www.disegnopiu.com\/en\/wp-json\/wp\/v2\/product_tag?post=6978"}],"curies":[{"name":"wp","href":"https:\/\/api.w.org\/{rel}","templated":true}]}}