{"id":6322,"date":"2020-10-26T18:26:17","date_gmt":"2020-10-26T18:26:17","guid":{"rendered":"https:\/\/disegnopiu.com\/design-bathrooms\/soho\/"},"modified":"2023-12-14T16:50:04","modified_gmt":"2023-12-14T16:50:04","slug":"soho","status":"publish","type":"page","link":"https:\/\/www.disegnopiu.com\/en\/design-bathrooms\/soho\/","title":{"rendered":"SOHO"},"content":{"rendered":"\n<div class=\"wp-block-cover alignfull cover\" style=\"min-height:100vh;aspect-ratio:unset;\"><span aria-hidden=\"true\" class=\"wp-block-cover__background has-background-dim-0 has-background-dim\"><\/span><img loading=\"lazy\" decoding=\"async\" width=\"2560\" height=\"1638\" class=\"wp-block-cover__image-background wp-image-6286\" alt=\"Bagno di design SOHO made in Italy by Disegnopiu\" src=\"https:\/\/disegnopiu.com\/wp-content\/uploads\/2020\/10\/DSC07917-scaled.jpg\" data-object-fit=\"cover\" srcset=\"https:\/\/www.disegnopiu.com\/wp-content\/uploads\/2020\/10\/DSC07917-scaled.jpg 2560w, https:\/\/www.disegnopiu.com\/wp-content\/uploads\/2020\/10\/DSC07917-scaled-1000x640.jpg 1000w, https:\/\/www.disegnopiu.com\/wp-content\/uploads\/2020\/10\/DSC07917-scaled-64x41.jpg 64w, https:\/\/www.disegnopiu.com\/wp-content\/uploads\/2020\/10\/DSC07917-300x192.jpg 300w, https:\/\/www.disegnopiu.com\/wp-content\/uploads\/2020\/10\/DSC07917-1024x655.jpg 1024w, https:\/\/www.disegnopiu.com\/wp-content\/uploads\/2020\/10\/DSC07917-768x491.jpg 768w, https:\/\/www.disegnopiu.com\/wp-content\/uploads\/2020\/10\/DSC07917-1536x983.jpg 1536w, https:\/\/www.disegnopiu.com\/wp-content\/uploads\/2020\/10\/DSC07917-2048x1311.jpg 2048w, https:\/\/www.disegnopiu.com\/wp-content\/uploads\/2020\/10\/DSC07917-600x384.jpg 600w\" sizes=\"auto, (max-width: 2560px) 100vw, 2560px\" \/><div class=\"wp-block-cover__inner-container is-layout-flow wp-block-cover-is-layout-flow\">\n<h1 class=\"wp-block-heading has-text-align-center\">SOHO<\/h1>\n\n\n\n<figure class=\"wp-block-image aligncenter size-full is-resized arrow_to_bottom\"><img loading=\"lazy\" decoding=\"async\" src=\"https:\/\/disegnopiu.com\/wp-content\/uploads\/2023\/08\/freccia.svg\" alt=\"\" class=\"wp-image-7852\" style=\"object-fit:contain;width:100px;height:60px\" width=\"100\" height=\"60\"\/><\/figure>\n<\/div><\/div>\n\n\n\n<div class=\"wp-block-group alignfull is-layout-constrained wp-block-group-is-layout-constrained\" style=\"margin-top:0\">\n<div class=\"wp-block-columns alignfull is-layout-flex wp-container-core-columns-is-layout-28f84493 wp-block-columns-is-layout-flex\">\n<div class=\"wp-block-column is-layout-flow wp-block-column-is-layout-flow\">\n\t\t \t<div class=\"item\" style=\"padding:    ;\">            \n\t      <div class=\"clearfix\" >\n\n\t        <ul id=\"gwts-gwl-img-gallery8594\" class=\"gwts-gwl-slidergal list-unstyled cS-hidden\" data-litebx=\"true\">\n\t\t\t\t    \n\t\t\t\t\t \t\t<li data-thumb=\"https:\/\/www.disegnopiu.com\/wp-content\/uploads\/2020\/10\/DSC07917-300x192.jpg\" data-responsive=\"https:\/\/www.disegnopiu.com\/wp-content\/uploads\/2020\/10\/DSC07917-300x192.jpg\" data-src=\"https:\/\/www.disegnopiu.com\/wp-content\/uploads\/2020\/10\/DSC07917-scaled.jpg\" class=\"zoom\"> \n              \t<img decoding=\"async\" src=\"https:\/\/www.disegnopiu.com\/wp-content\/uploads\/2020\/10\/DSC07917-scaled.jpg\" alt=\"Bagno di design SOHO made in Italy by Disegnopiu\" \/>\n              \t\t              <\/li>\n\t\t\t\t\t \t\n\t\t\t\t\t \t\t<li data-thumb=\"https:\/\/www.disegnopiu.com\/wp-content\/uploads\/2020\/10\/DSC07918-300x200.jpg\" data-responsive=\"https:\/\/www.disegnopiu.com\/wp-content\/uploads\/2020\/10\/DSC07918-300x200.jpg\" data-src=\"https:\/\/www.disegnopiu.com\/wp-content\/uploads\/2020\/10\/DSC07918-scaled.jpg\" class=\"zoom\"> \n              \t<img decoding=\"async\" src=\"https:\/\/www.disegnopiu.com\/wp-content\/uploads\/2020\/10\/DSC07918-scaled.jpg\" alt=\"Bagno di design SOHO made in Italy by Disegnopiu\" \/>\n              \t\t              <\/li>\n\t\t\t\t\t \t\n\t\t\t\t\t \t\t<li data-thumb=\"https:\/\/www.disegnopiu.com\/wp-content\/uploads\/2020\/10\/DSC07921-300x208.jpg\" data-responsive=\"https:\/\/www.disegnopiu.com\/wp-content\/uploads\/2020\/10\/DSC07921-300x208.jpg\" data-src=\"https:\/\/www.disegnopiu.com\/wp-content\/uploads\/2020\/10\/DSC07921-scaled.jpg\" class=\"zoom\"> \n              \t<img decoding=\"async\" src=\"https:\/\/www.disegnopiu.com\/wp-content\/uploads\/2020\/10\/DSC07921-scaled.jpg\" alt=\"Designov\u00e1 koupelna SOHO vyroben\u00e1 v It\u00e1lii spole\u010dnost\u00ed Disegnopiu\" \/>\n              \t\t              <\/li>\n\t\t\t\t\t \t\n\t\t\t\t\t \t\t<li data-thumb=\"https:\/\/www.disegnopiu.com\/wp-content\/uploads\/2020\/10\/DSC07923-300x200.jpg\" data-responsive=\"https:\/\/www.disegnopiu.com\/wp-content\/uploads\/2020\/10\/DSC07923-300x200.jpg\" data-src=\"https:\/\/www.disegnopiu.com\/wp-content\/uploads\/2020\/10\/DSC07923-scaled.jpg\" class=\"zoom\"> \n              \t<img decoding=\"async\" src=\"https:\/\/www.disegnopiu.com\/wp-content\/uploads\/2020\/10\/DSC07923-scaled.jpg\" alt=\"\u0414\u0438\u0437\u0430\u0439\u043d \u0432\u0430\u043d\u043d\u043e\u0439 \u043a\u043e\u043c\u043d\u0430\u0442\u044b SOHO made in Italy by Disegnopiu\" \/>\n              \t\t              <\/li>\n\t\t\t\t\t \t\n\t\t\t\t\t \t\t<li data-thumb=\"https:\/\/www.disegnopiu.com\/wp-content\/uploads\/2020\/10\/DSC07924-300x182.jpg\" data-responsive=\"https:\/\/www.disegnopiu.com\/wp-content\/uploads\/2020\/10\/DSC07924-300x182.jpg\" data-src=\"https:\/\/www.disegnopiu.com\/wp-content\/uploads\/2020\/10\/DSC07924-scaled.jpg\" class=\"zoom\"> \n              \t<img decoding=\"async\" src=\"https:\/\/www.disegnopiu.com\/wp-content\/uploads\/2020\/10\/DSC07924-scaled.jpg\" alt=\"Bagno di design SOHO made in Italy by Disegnopiu\" \/>\n              \t\t              <\/li>\n\t\t\t\t\t \t\n\t\t\t\t\t \t\t<li data-thumb=\"https:\/\/www.disegnopiu.com\/wp-content\/uploads\/2020\/10\/DSC07926-187x300.jpg\" data-responsive=\"https:\/\/www.disegnopiu.com\/wp-content\/uploads\/2020\/10\/DSC07926-187x300.jpg\" data-src=\"https:\/\/www.disegnopiu.com\/wp-content\/uploads\/2020\/10\/DSC07926-scaled.jpg\" class=\"zoom\"> \n              \t<img decoding=\"async\" src=\"https:\/\/www.disegnopiu.com\/wp-content\/uploads\/2020\/10\/DSC07926-scaled.jpg\" alt=\"SOHO design bathroom made in Italy by Disegnopiu\" \/>\n              \t\t              <\/li>\n\t\t\t\t\t \t\n\t\t\t\t\t \t\t<li data-thumb=\"https:\/\/www.disegnopiu.com\/wp-content\/uploads\/2020\/10\/DSC07929-200x300.jpg\" data-responsive=\"https:\/\/www.disegnopiu.com\/wp-content\/uploads\/2020\/10\/DSC07929-200x300.jpg\" data-src=\"https:\/\/www.disegnopiu.com\/wp-content\/uploads\/2020\/10\/DSC07929-scaled.jpg\" class=\"zoom\"> \n              \t<img decoding=\"async\" src=\"https:\/\/www.disegnopiu.com\/wp-content\/uploads\/2020\/10\/DSC07929-scaled.jpg\" alt=\"Ba\u00f1o de dise\u00f1o SOHO hecho en Italia por Disegnopiu\" \/>\n              \t\t              <\/li>\n\t\t\t\t\t \t\n\t\t\t\t\t \t\t<li data-thumb=\"https:\/\/www.disegnopiu.com\/wp-content\/uploads\/2020\/10\/DSC07933-300x177.jpg\" data-responsive=\"https:\/\/www.disegnopiu.com\/wp-content\/uploads\/2020\/10\/DSC07933-300x177.jpg\" data-src=\"https:\/\/www.disegnopiu.com\/wp-content\/uploads\/2020\/10\/DSC07933-scaled.jpg\" class=\"zoom\"> \n              \t<img decoding=\"async\" src=\"https:\/\/www.disegnopiu.com\/wp-content\/uploads\/2020\/10\/DSC07933-scaled.jpg\" alt=\"Salle de bain design SOHO fabriqu\u00e9e en Italie par Disegnopiu\" \/>\n              \t\t              <\/li>\n\t\t\t\t\t \t\t\t\t\t\t<\/ul>\n\t\t\t\t<\/div>\n\t\t\t<\/div>\n\n\t\t\t\t\t\t<style type=\"text\/css\">\n\t\t\t\t.lg .lg-sub-html{\n\t\t\t\t\tdisplay: none !important;\n\t\t\t\t}\n\t\t\t<\/style>\n\t\t\t\n\t\t\t<style type=\"text\/css\">\n\t\t\t\t.lSSlideOuter .lSSlideWrapper ul li img{\n\t\t\t\t  width: 100%;\n\t\t\t\t}\n\t\t\t<\/style>\n\n\t\t\t\n\t\t\t<script>\n\t\t\t\tjQuery(function() {\n\t\t\t\t  jQuery('.zoom').zoom();\n\t\t\t\t});\n\t\t\t<\/script>\n\n\t\t\t\t\t\t\t<style>\n\t\t\t\t\t.lSSlideOuter .lSPager.lSGallery {\n\t\t\t\t\t\tmargin-left: auto;\n\t\t\t\t\t\tmargin-right: auto;\n\t\t\t\t\t}\n\t\t\t\t<\/style>\n\t\t\t\t\t\t\t\t<script>\n\t\t    \tjQuery(document).ready(function() {\n\t\t\t\t\tvar setting_download = '';\n\t\t        jQuery('#gwts-gwl-img-gallery8594').lightSlider({\n              item:1,\t\t                \n              slideMargin:10,\n              addClass:'',\n              speed:500,\n              pause:2000,\n              auto:false,\n              loop:true,\n              pager:true,\n              gallery:true,\n              thumbItem:4,\n\t    \t  controls:true,\n\t    \t   \t\t\t\t\t\t\t\n\t    \t\t\t\tresponsive : [\n\t\t            {\n\t                breakpoint:800,\n\t                settings: {\n                    item:1,\n                    slideMove:1,\n                  }\n\t\t            },\n\t\t            {\n\t                breakpoint:641,\n\t                settings: {\n                    item:1,\n                    slideMove:1,\n                  }\n\t\t            },\n\t\t            {\n\t                breakpoint:480,\n\t                settings: {\n                    item:1,\n                    slideMove:1,\n                  }\n\t\t            },\t\t\t\t\t\t           \n\t\t\t\t\t\t  ],\n\t    \t\t\t\t\tuseCSS: true,\n\t        \t\t\tcssEasing: 'ease',\n\t        \t\t\teasing: 'linear',\n\t        \t\t\tkeyPress: false,\n\t        \t\t\tslideEndAnimation: true,\n\t        \t\t\tswipeThreshold: 40,        \t\t\t\n\t\t              \tonSliderLoad: function(el) {\n\t\t\t\t\t\t\tjQuery('#gwts-gwl-img-gallery8594').removeClass('cS-hidden');\n\t\t\t\t\t\t\tjQuery('#gwts-gwl-img-gallery8594').addClass('gwts-loaded');\n\t\t\t\t\t\t\t\n\t\t\t\t\t\t\tvar lithbox = jQuery('#gwts-gwl-img-gallery8594').attr(\"data-litebx\");\n\t\t\t\t\t\t\tif(lithbox=='true'){\n\t\t\t\t\t\t\t\tel.lightGallery({\n\t\t\t\t\t\t\t\t\tdownload: setting_download,\n\t\t\t\t\t\t\t\t\tselector: '#gwts-gwl-img-gallery8594 .lslide'\n\t\t\t\t\t\t\t\t});\n\t\t\t\t\t\t\t}\t\n\t\t              \t}  \n\t\t\t        });\n\t\t\t\t\t});\n\t\t    \t\t\t\t<\/script>\n\t\t \n<\/div>\n\n\n\n<div class=\"wp-block-column is-layout-flow wp-block-column-is-layout-flow\">\n<div class=\"wp-block-group p_20 is-layout-flow wp-block-group-is-layout-flow\" style=\"padding-top:50px;padding-right:50px;padding-bottom:0px;padding-left:50px\">\n<p>DESCRIPTION<br>Fully extractable container drawer, lateral cube, 7 cm thick brushed natural oak top, 50 cm depth, three full height wall units, depth 18 cm.<\/p>\n\n\n\n<p class=\"has-text-align-left button_div\" style=\"margin-right:0;margin-left:0\"><strong><a href=\"https:\/\/disegnopiu.com\/en\/contacts\/\">INFO AND PRICE+<\/a><\/strong><\/p>\n\n\n\n<div style=\"height:50px\" aria-hidden=\"true\" class=\"wp-block-spacer\"><\/div>\n\n\n\n<p class=\"head_cust_li\">MATERIALS<\/p>\n\n\n\n<ul class=\"cust_li wp-block-list\">\n<li>Natural oak<\/li>\n\n\n\n<li>Matt lacquered wood<\/li>\n\n\n\n<li>Mirror<\/li>\n\n\n\n<li>Mixer<\/li>\n\n\n\n<li>Washbasin<\/li>\n\n\n\n<li>Led light<\/li>\n<\/ul>\n<\/div>\n<\/div>\n<\/div>\n<\/div>\n\n\n\n<div style=\"height:130px\" aria-hidden=\"true\" class=\"wp-block-spacer\"><\/div>\n\n\n\n<div class=\"wp-block-group alignfull has-background is-layout-flow wp-block-group-is-layout-flow\" id=\"be_social\" style=\"background-color:#f7f5f5;margin-top:0\">\n<div style=\"height:30px\" aria-hidden=\"true\" class=\"wp-block-spacer\"><\/div>\n\n\n\n<h2 class=\"wp-block-heading has-text-align-center\">Be Social<\/h2>\n\n\n\n<p class=\"has-text-align-center\">FOLLOW US ON INSTAGRAM<\/p>\n\n\n\n<p class=\"has-text-align-center\">Check out the daily process and routine of the business in Instagram.<br>We love taking photographs and we think it\u2019s exciting to share all this positive energy we have with the world.<\/p>\n\n\n\n<p class=\"has-text-align-center button_div\"><strong><a href=\"https:\/\/www.instagram.com\/disegnopiu\/\" target=\"_blank\" rel=\"noreferrer noopener\">FOLLOW US +<\/a><\/strong><\/p>\n\n\n\n<div style=\"height:20px\" aria-hidden=\"true\" class=\"wp-block-spacer\"><\/div>\n<\/div>\n","protected":false},"excerpt":{"rendered":"<p>DESCRIPTIONFully extractable container drawer, lateral cube, 7 cm thick brushed natural oak top, 50 cm depth, three full height wall&#8230; <br \/><a class=\"more-link\" href=\"https:\/\/www.disegnopiu.com\/en\/design-bathrooms\/soho\/\">Scopri di pi\u00f9<\/a><\/p>\n","protected":false},"author":1,"featured_media":0,"parent":6250,"menu_order":0,"comment_status":"closed","ping_status":"closed","template":"","meta":{"_themeisle_gutenberg_block_has_review":false,"footnotes":""},"class_list":["post-6322","page","type-page","status-publish","hentry"],"yoast_head":"<!-- This site is optimized with the Yoast SEO plugin v26.8 - https:\/\/yoast.com\/product\/yoast-seo-wordpress\/ -->\n<title>SOHO bagno di Design in rovere naturale | Disegnopi\u00f9<\/title>\n<meta name=\"description\" content=\"SOHO bagno di Design in rovere naturale | Disegnopi\u00f9\" \/>\n<meta name=\"robots\" content=\"index, follow, max-snippet:-1, max-image-preview:large, max-video-preview:-1\" \/>\n<link rel=\"canonical\" href=\"https:\/\/www.disegnopiu.com\/bagni-di-design\/soho\/\" \/>\n<meta property=\"og:locale\" content=\"en_US\" \/>\n<meta property=\"og:type\" content=\"article\" \/>\n<meta property=\"og:title\" content=\"SOHO bagno di Design in rovere naturale | Disegnopi\u00f9\" \/>\n<meta property=\"og:description\" content=\"SOHO bagno di Design in rovere naturale | Disegnopi\u00f9\" \/>\n<meta property=\"og:url\" content=\"https:\/\/www.disegnopiu.com\/bagni-di-design\/soho\/\" \/>\n<meta property=\"og:site_name\" content=\"Disegnopi&ugrave;\" \/>\n<meta property=\"article:modified_time\" content=\"2023-12-14T16:50:04+00:00\" \/>\n<meta property=\"og:image\" content=\"https:\/\/disegnopiu.com\/wp-content\/uploads\/2020\/10\/DSC07917-scaled.jpg\" \/>\n<meta name=\"twitter:card\" content=\"summary_large_image\" \/>\n<meta name=\"twitter:label1\" content=\"Est. reading time\" \/>\n\t<meta name=\"twitter:data1\" content=\"1 minute\" \/>\n<script type=\"application\/ld+json\" class=\"yoast-schema-graph\">{\"@context\":\"https:\/\/schema.org\",\"@graph\":[{\"@type\":\"WebPage\",\"@id\":\"https:\/\/www.disegnopiu.com\/bagni-di-design\/soho\/\",\"url\":\"https:\/\/www.disegnopiu.com\/bagni-di-design\/soho\/\",\"name\":\"SOHO bagno di Design in rovere naturale | Disegnopi\u00f9\",\"isPartOf\":{\"@id\":\"https:\/\/www.disegnopiu.com\/#website\"},\"primaryImageOfPage\":{\"@id\":\"https:\/\/www.disegnopiu.com\/bagni-di-design\/soho\/#primaryimage\"},\"image\":{\"@id\":\"https:\/\/www.disegnopiu.com\/bagni-di-design\/soho\/#primaryimage\"},\"thumbnailUrl\":\"https:\/\/disegnopiu.com\/wp-content\/uploads\/2020\/10\/DSC07917-scaled.jpg\",\"datePublished\":\"2020-10-26T18:26:17+00:00\",\"dateModified\":\"2023-12-14T16:50:04+00:00\",\"description\":\"SOHO bagno di Design in rovere naturale | Disegnopi\u00f9\",\"breadcrumb\":{\"@id\":\"https:\/\/www.disegnopiu.com\/bagni-di-design\/soho\/#breadcrumb\"},\"inLanguage\":\"en-US\",\"potentialAction\":[{\"@type\":\"ReadAction\",\"target\":[\"https:\/\/www.disegnopiu.com\/bagni-di-design\/soho\/\"]}]},{\"@type\":\"ImageObject\",\"inLanguage\":\"en-US\",\"@id\":\"https:\/\/www.disegnopiu.com\/bagni-di-design\/soho\/#primaryimage\",\"url\":\"https:\/\/disegnopiu.com\/wp-content\/uploads\/2020\/10\/DSC07917-scaled.jpg\",\"contentUrl\":\"https:\/\/disegnopiu.com\/wp-content\/uploads\/2020\/10\/DSC07917-scaled.jpg\"},{\"@type\":\"BreadcrumbList\",\"@id\":\"https:\/\/www.disegnopiu.com\/bagni-di-design\/soho\/#breadcrumb\",\"itemListElement\":[{\"@type\":\"ListItem\",\"position\":1,\"name\":\"Home\",\"item\":\"https:\/\/www.disegnopiu.com\/en\/\"},{\"@type\":\"ListItem\",\"position\":2,\"name\":\"Design Bathrooms\",\"item\":\"https:\/\/www.disegnopiu.com\/bagni-di-design\/\"},{\"@type\":\"ListItem\",\"position\":3,\"name\":\"SOHO\"}]},{\"@type\":\"WebSite\",\"@id\":\"https:\/\/www.disegnopiu.com\/#website\",\"url\":\"https:\/\/www.disegnopiu.com\/\",\"name\":\"Disegnopi&ugrave;\",\"description\":\"Brand di arredamento | Mobili e complementi di design\",\"publisher\":{\"@id\":\"https:\/\/www.disegnopiu.com\/#organization\"},\"potentialAction\":[{\"@type\":\"SearchAction\",\"target\":{\"@type\":\"EntryPoint\",\"urlTemplate\":\"https:\/\/www.disegnopiu.com\/?s={search_term_string}\"},\"query-input\":{\"@type\":\"PropertyValueSpecification\",\"valueRequired\":true,\"valueName\":\"search_term_string\"}}],\"inLanguage\":\"en-US\"},{\"@type\":\"Organization\",\"@id\":\"https:\/\/www.disegnopiu.com\/#organization\",\"name\":\"Disegnopiu\",\"url\":\"https:\/\/www.disegnopiu.com\/\",\"logo\":{\"@type\":\"ImageObject\",\"inLanguage\":\"en-US\",\"@id\":\"https:\/\/www.disegnopiu.com\/#\/schema\/logo\/image\/\",\"url\":\"https:\/\/disegnopiu.com\/wp-content\/uploads\/2017\/06\/logo_black.png\",\"contentUrl\":\"https:\/\/disegnopiu.com\/wp-content\/uploads\/2017\/06\/logo_black.png\",\"width\":785,\"height\":127,\"caption\":\"Disegnopiu\"},\"image\":{\"@id\":\"https:\/\/www.disegnopiu.com\/#\/schema\/logo\/image\/\"}}]}<\/script>\n<!-- \/ Yoast SEO plugin. -->","yoast_head_json":{"title":"SOHO bagno di Design in rovere naturale | Disegnopi\u00f9","description":"SOHO bagno di Design in rovere naturale | Disegnopi\u00f9","robots":{"index":"index","follow":"follow","max-snippet":"max-snippet:-1","max-image-preview":"max-image-preview:large","max-video-preview":"max-video-preview:-1"},"canonical":"https:\/\/www.disegnopiu.com\/bagni-di-design\/soho\/","og_locale":"en_US","og_type":"article","og_title":"SOHO bagno di Design in rovere naturale | Disegnopi\u00f9","og_description":"SOHO bagno di Design in rovere naturale | Disegnopi\u00f9","og_url":"https:\/\/www.disegnopiu.com\/bagni-di-design\/soho\/","og_site_name":"Disegnopi&ugrave;","article_modified_time":"2023-12-14T16:50:04+00:00","og_image":[{"url":"https:\/\/disegnopiu.com\/wp-content\/uploads\/2020\/10\/DSC07917-scaled.jpg","type":"","width":"","height":""}],"twitter_card":"summary_large_image","twitter_misc":{"Est. reading time":"1 minute"},"schema":{"@context":"https:\/\/schema.org","@graph":[{"@type":"WebPage","@id":"https:\/\/www.disegnopiu.com\/bagni-di-design\/soho\/","url":"https:\/\/www.disegnopiu.com\/bagni-di-design\/soho\/","name":"SOHO bagno di Design in rovere naturale | Disegnopi\u00f9","isPartOf":{"@id":"https:\/\/www.disegnopiu.com\/#website"},"primaryImageOfPage":{"@id":"https:\/\/www.disegnopiu.com\/bagni-di-design\/soho\/#primaryimage"},"image":{"@id":"https:\/\/www.disegnopiu.com\/bagni-di-design\/soho\/#primaryimage"},"thumbnailUrl":"https:\/\/disegnopiu.com\/wp-content\/uploads\/2020\/10\/DSC07917-scaled.jpg","datePublished":"2020-10-26T18:26:17+00:00","dateModified":"2023-12-14T16:50:04+00:00","description":"SOHO bagno di Design in rovere naturale | Disegnopi\u00f9","breadcrumb":{"@id":"https:\/\/www.disegnopiu.com\/bagni-di-design\/soho\/#breadcrumb"},"inLanguage":"en-US","potentialAction":[{"@type":"ReadAction","target":["https:\/\/www.disegnopiu.com\/bagni-di-design\/soho\/"]}]},{"@type":"ImageObject","inLanguage":"en-US","@id":"https:\/\/www.disegnopiu.com\/bagni-di-design\/soho\/#primaryimage","url":"https:\/\/disegnopiu.com\/wp-content\/uploads\/2020\/10\/DSC07917-scaled.jpg","contentUrl":"https:\/\/disegnopiu.com\/wp-content\/uploads\/2020\/10\/DSC07917-scaled.jpg"},{"@type":"BreadcrumbList","@id":"https:\/\/www.disegnopiu.com\/bagni-di-design\/soho\/#breadcrumb","itemListElement":[{"@type":"ListItem","position":1,"name":"Home","item":"https:\/\/www.disegnopiu.com\/en\/"},{"@type":"ListItem","position":2,"name":"Design Bathrooms","item":"https:\/\/www.disegnopiu.com\/bagni-di-design\/"},{"@type":"ListItem","position":3,"name":"SOHO"}]},{"@type":"WebSite","@id":"https:\/\/www.disegnopiu.com\/#website","url":"https:\/\/www.disegnopiu.com\/","name":"Disegnopi&ugrave;","description":"Brand di arredamento | Mobili e complementi di design","publisher":{"@id":"https:\/\/www.disegnopiu.com\/#organization"},"potentialAction":[{"@type":"SearchAction","target":{"@type":"EntryPoint","urlTemplate":"https:\/\/www.disegnopiu.com\/?s={search_term_string}"},"query-input":{"@type":"PropertyValueSpecification","valueRequired":true,"valueName":"search_term_string"}}],"inLanguage":"en-US"},{"@type":"Organization","@id":"https:\/\/www.disegnopiu.com\/#organization","name":"Disegnopiu","url":"https:\/\/www.disegnopiu.com\/","logo":{"@type":"ImageObject","inLanguage":"en-US","@id":"https:\/\/www.disegnopiu.com\/#\/schema\/logo\/image\/","url":"https:\/\/disegnopiu.com\/wp-content\/uploads\/2017\/06\/logo_black.png","contentUrl":"https:\/\/disegnopiu.com\/wp-content\/uploads\/2017\/06\/logo_black.png","width":785,"height":127,"caption":"Disegnopiu"},"image":{"@id":"https:\/\/www.disegnopiu.com\/#\/schema\/logo\/image\/"}}]}},"_links":{"self":[{"href":"https:\/\/www.disegnopiu.com\/en\/wp-json\/wp\/v2\/pages\/6322","targetHints":{"allow":["GET"]}}],"collection":[{"href":"https:\/\/www.disegnopiu.com\/en\/wp-json\/wp\/v2\/pages"}],"about":[{"href":"https:\/\/www.disegnopiu.com\/en\/wp-json\/wp\/v2\/types\/page"}],"author":[{"embeddable":true,"href":"https:\/\/www.disegnopiu.com\/en\/wp-json\/wp\/v2\/users\/1"}],"replies":[{"embeddable":true,"href":"https:\/\/www.disegnopiu.com\/en\/wp-json\/wp\/v2\/comments?post=6322"}],"version-history":[{"count":9,"href":"https:\/\/www.disegnopiu.com\/en\/wp-json\/wp\/v2\/pages\/6322\/revisions"}],"predecessor-version":[{"id":9811,"href":"https:\/\/www.disegnopiu.com\/en\/wp-json\/wp\/v2\/pages\/6322\/revisions\/9811"}],"up":[{"embeddable":true,"href":"https:\/\/www.disegnopiu.com\/en\/wp-json\/wp\/v2\/pages\/6250"}],"wp:attachment":[{"href":"https:\/\/www.disegnopiu.com\/en\/wp-json\/wp\/v2\/media?parent=6322"}],"curies":[{"name":"wp","href":"https:\/\/api.w.org\/{rel}","templated":true}]}}